{"id":166,"date":"2019-01-05T23:16:37","date_gmt":"2019-01-05T23:16:37","guid":{"rendered":"http:\/\/alazema.org\/?page_id=166"},"modified":"2019-01-09T23:15:37","modified_gmt":"2019-01-09T23:15:37","slug":"our-achievement","status":"publish","type":"page","link":"http:\/\/alazema.org\/fr\/our-achievement\/","title":{"rendered":"Notre r\u00e9alisation"},"content":{"rendered":"<div data-elementor-type=\"wp-post\" data-elementor-id=\"166\" class=\"elementor elementor-166 elementor-bc-flex-widget\" data-elementor-settings=\"[]\">\n\t\t\t<div class=\"elementor-inner\">\n\t\t\t\t<div class=\"elementor-section-wrap\">\n\t\t\t\t\t\t\t<section class=\"elementor-element elementor-element-a00953d elementor-section-boxed elementor-section-height-default elementor-section-height-default elementor-section elementor-top-section\" data-id=\"a00953d\" data-element_type=\"section\">\n\t\t\t\t\t\t<div class=\"elementor-container elementor-column-gap-default\">\n\t\t\t\t<div class=\"elementor-row\">\n\t\t\t\t<div class=\"elementor-element elementor-element-e5e8077 elementor-column elementor-col-100 elementor-top-column\" data-id=\"e5e8077\" data-element_type=\"column\">\n\t\t\t<div class=\"elementor-column-wrap  elementor-element-populated\">\n\t\t\t\t\t<div class=\"elementor-widget-wrap\">\n\t\t\t\t<section class=\"elementor-element elementor-element-203a2ac elementor-section-boxed elementor-section-height-default elementor-section-height-default elementor-section elementor-inner-section\" data-id=\"203a2ac\" data-element_type=\"section\">\n\t\t\t\t\t\t<div class=\"elementor-container elementor-column-gap-default\">\n\t\t\t\t<div class=\"elementor-row\">\n\t\t\t\t<div class=\"elementor-element elementor-element-fa5c1e7 elementor-column elementor-col-100 elementor-inner-column\" data-id=\"fa5c1e7\" data-element_type=\"column\">\n\t\t\t<div class=\"elementor-column-wrap  elementor-element-populated\">\n\t\t\t\t\t<div class=\"elementor-widget-wrap\">\n\t\t\t\t<div class=\"elementor-element elementor-element-2feb646 elementor-invisible elementor-widget elementor-widget-heading\" data-id=\"2feb646\" data-element_type=\"widget\" data-settings=\"{&quot;_animation&quot;:&quot;rubberBand&quot;}\" data-widget_type=\"heading.default\">\n\t\t\t\t<div class=\"elementor-widget-container\">\n\t\t\t<h1 class=\"elementor-heading-title elementor-size-default\">Notre r\u00e9alisation<\/h1>\t\t<\/div>\n\t\t\t\t<\/div>\n\t\t\t\t\t\t<\/div>\n\t\t\t<\/div>\n\t\t<\/div>\n\t\t\t\t\t\t<\/div>\n\t\t\t<\/div>\n\t\t<\/section>\n\t\t\t\t<section class=\"elementor-element elementor-element-a88f603 elementor-section-boxed elementor-section-height-default elementor-section-height-default elementor-section elementor-inner-section\" data-id=\"a88f603\" data-element_type=\"section\">\n\t\t\t\t\t\t<div class=\"elementor-container elementor-column-gap-default\">\n\t\t\t\t<div class=\"elementor-row\">\n\t\t\t\t<div class=\"elementor-element elementor-element-a4c5b43 elementor-column elementor-col-50 elementor-inner-column\" data-id=\"a4c5b43\" data-element_type=\"column\">\n\t\t\t<div class=\"elementor-column-wrap  elementor-element-populated\">\n\t\t\t\t\t<div class=\"elementor-widget-wrap\">\n\t\t\t\t<div class=\"elementor-element elementor-element-4cbc1a7 elementor-invisible elementor-widget elementor-widget-text-editor\" data-id=\"4cbc1a7\" data-element_type=\"widget\" data-settings=\"{&quot;_animation&quot;:&quot;slideInRight&quot;}\" data-widget_type=\"text-editor.default\">\n\t\t\t\t<div class=\"elementor-widget-container\">\n\t\t\t\t\t<div class=\"elementor-text-editor elementor-clearfix\"><ul><li>La Fondation Al-Azimah a pu traiter plus que le patient atteint du cancer et leur a fourni les services de traitement n\u00e9cessaires. Ce service \u00e9tait gratuit.<\/li><\/ul><\/div>\n\t\t\t\t<\/div>\n\t\t\t\t<\/div>\n\t\t\t\t<div class=\"elementor-element elementor-element-bc6f966 elementor-invisible elementor-widget elementor-widget-text-editor\" data-id=\"bc6f966\" data-element_type=\"widget\" data-settings=\"{&quot;_animation&quot;:&quot;bounceInRight&quot;}\" data-widget_type=\"text-editor.default\">\n\t\t\t\t<div class=\"elementor-widget-container\">\n\t\t\t\t\t<div class=\"elementor-text-editor elementor-clearfix\"><ul><li>La Fondation Al-Azimah traite avec les plus grands m\u00e9decins sp\u00e9cialis\u00e9s dans le traitement de cette maladie, ainsi qu'avec les plus grands centres m\u00e9dicaux et h\u00f4pitaux pour assurer la satisfaction des patients et fournir le plus d'assistance possible.<\/li><\/ul><\/div>\n\t\t\t\t<\/div>\n\t\t\t\t<\/div>\n\t\t\t\t\t\t<\/div>\n\t\t\t<\/div>\n\t\t<\/div>\n\t\t\t\t<div class=\"elementor-element elementor-element-d9d9d14 elementor-column elementor-col-50 elementor-inner-column\" data-id=\"d9d9d14\" data-element_type=\"column\">\n\t\t\t<div class=\"elementor-column-wrap  elementor-element-populated\">\n\t\t\t\t\t<div class=\"elementor-widget-wrap\">\n\t\t\t\t<div class=\"elementor-element elementor-element-25732fa elementor-invisible elementor-widget elementor-widget-image\" data-id=\"25732fa\" data-element_type=\"widget\" data-settings=\"{&quot;_animation&quot;:&quot;zoomIn&quot;}\" data-widget_type=\"image.default\">\n\t\t\t\t<div class=\"elementor-widget-container\">\n\t\t\t\t\t<div class=\"elementor-image\">\n\t\t\t\t\t\t\t\t\t\t<img loading=\"lazy\" decoding=\"async\" width=\"300\" height=\"189\" src=\"http:\/\/alazema.org\/wp-content\/uploads\/2019\/01\/4228166-149738376-300x189.jpg\" class=\"attachment-medium size-medium\" alt=\"\" srcset=\"http:\/\/alazema.org\/wp-content\/uploads\/2019\/01\/4228166-149738376-300x189.jpg 300w, http:\/\/alazema.org\/wp-content\/uploads\/2019\/01\/4228166-149738376-768x485.jpg 768w, http:\/\/alazema.org\/wp-content\/uploads\/2019\/01\/4228166-149738376-1024x647.jpg 1024w, http:\/\/alazema.org\/wp-content\/uploads\/2019\/01\/4228166-149738376.jpg 1900w\" sizes=\"(max-width: 300px) 100vw, 300px\" \/>\t\t\t\t\t\t\t\t\t\t\t<\/div>\n\t\t\t\t<\/div>\n\t\t\t\t<\/div>\n\t\t\t\t<div class=\"elementor-element elementor-element-d6b0a28 elementor-invisible elementor-widget elementor-widget-image\" data-id=\"d6b0a28\" data-element_type=\"widget\" data-settings=\"{&quot;_animation&quot;:&quot;bounceInLeft&quot;}\" data-widget_type=\"image.default\">\n\t\t\t\t<div class=\"elementor-widget-container\">\n\t\t\t\t\t<div class=\"elementor-image\">\n\t\t\t\t\t\t\t\t\t\t<img loading=\"lazy\" decoding=\"async\" width=\"300\" height=\"189\" src=\"http:\/\/alazema.org\/wp-content\/uploads\/2019\/01\/1000_e551bbf0d7-300x189.jpg\" class=\"attachment-medium size-medium\" alt=\"\" srcset=\"http:\/\/alazema.org\/wp-content\/uploads\/2019\/01\/1000_e551bbf0d7-300x189.jpg 300w, http:\/\/alazema.org\/wp-content\/uploads\/2019\/01\/1000_e551bbf0d7-768x485.jpg 768w, http:\/\/alazema.org\/wp-content\/uploads\/2019\/01\/1000_e551bbf0d7-1024x647.jpg 1024w, http:\/\/alazema.org\/wp-content\/uploads\/2019\/01\/1000_e551bbf0d7.jpg 1900w\" sizes=\"(max-width: 300px) 100vw, 300px\" \/>\t\t\t\t\t\t\t\t\t\t\t<\/div>\n\t\t\t\t<\/div>\n\t\t\t\t<\/div>\n\t\t\t\t\t\t<\/div>\n\t\t\t<\/div>\n\t\t<\/div>\n\t\t\t\t\t\t<\/div>\n\t\t\t<\/div>\n\t\t<\/section>\n\t\t\t\t\t\t<\/div>\n\t\t\t<\/div>\n\t\t<\/div>\n\t\t\t\t\t\t<\/div>\n\t\t\t<\/div>\n\t\t<\/section>\n\t\t\t\t\t\t<\/div>\n\t\t\t<\/div>\n\t\t<\/div>","protected":false},"excerpt":{"rendered":"<p>\u0625\u0646\u062c\u0627\u0632\u062a\u0646\u0627 \u0627\u0633\u062a\u0637\u0627\u0639\u062a \u0645\u0624\u0633\u0633\u0647 \u0627\u0644\u0639\u0632\u064a\u0645\u0647 \u0627\u0646 \u062a\u0642\u0648\u0645 \u0628\u0639\u0644\u0627\u062c \u0627\u0643\u062b\u0631 \u0645\u0646 \u062d\u0627\u0644\u0647 \u0645\u0631\u064a\u0636\u0647 \u0628\u0645\u0631\u0636 \u0627\u0644\u0633\u0631\u0637\u0627\u0646 \u0648\u0642\u062f\u0645\u062a \u0644\u0647\u0645 \u0627\u0644\u0644\u0627\u0632\u0645 \u0645\u0646 \u062e\u062f\u0645\u0627\u062a \u0639\u0644\u0627\u062c\u064a\u0647 \u0648\u0643\u0627\u0646 \u0630\u0644\u0643 \u0628\u0627\u0644\u0645\u062c\u0627\u0646 . \u062a\u0642\u0648\u0645 \u0645\u0624\u0633\u0633\u0647 \u0627\u0644\u0639\u0632\u064a\u0645\u0647 \u0628\u0627\u0644\u062a\u0639\u0627\u0645\u0644 \u0645\u0639 \u0627\u0643\u0628\u0631 \u0627\u0644\u0627\u0637\u0628\u0627\u0621 \u0627\u0644\u0645\u062a\u062e\u0635\u0635\u064a\u0646 \u0641\u064a \u0639\u0644\u0627\u062c \u0647\u0630\u0627 \u0627\u0644\u0645\u0631\u0636 \u0643\u0645\u0627 \u062a\u0642\u0648\u0645 \u0628\u0627\u0644\u062a\u0639\u0627\u0645\u0644 \u0645\u0639 \u0627\u0643\u0628\u0631 \u0627\u0644\u0645\u0631\u0627\u0643\u0632 \u0627\u0644\u0637\u0628\u064a\u0647 \u0648 \u0627\u0644\u0645\u0633\u062a\u0634\u0641\u064a\u0627\u062a \u0645\u0646 \u0627\u062c\u0644 \u0631\u0627\u062d\u0647 \u0627\u0644\u0645\u0631\u0636\u064a \u0648\u062a\u0642\u062f\u064a\u0645 \u0627\u0643\u0628\u0631 \u0642\u062f\u0631 \u0645\u0646 \u0627\u0644\u0645\u0633\u0627\u0639\u062f\u0647<\/p>","protected":false},"author":1,"featured_media":0,"parent":0,"menu_order":0,"comment_status":"closed","ping_status":"closed","template":"","meta":{"footnotes":""},"_links":{"self":[{"href":"http:\/\/alazema.org\/fr\/wp-json\/wp\/v2\/pages\/166"}],"collection":[{"href":"http:\/\/alazema.org\/fr\/wp-json\/wp\/v2\/pages"}],"about":[{"href":"http:\/\/alazema.org\/fr\/wp-json\/wp\/v2\/types\/page"}],"author":[{"embeddable":true,"href":"http:\/\/alazema.org\/fr\/wp-json\/wp\/v2\/users\/1"}],"replies":[{"embeddable":true,"href":"http:\/\/alazema.org\/fr\/wp-json\/wp\/v2\/comments?post=166"}],"version-history":[{"count":12,"href":"http:\/\/alazema.org\/fr\/wp-json\/wp\/v2\/pages\/166\/revisions"}],"predecessor-version":[{"id":273,"href":"http:\/\/alazema.org\/fr\/wp-json\/wp\/v2\/pages\/166\/revisions\/273"}],"wp:attachment":[{"href":"http:\/\/alazema.org\/fr\/wp-json\/wp\/v2\/media?parent=166"}],"curies":[{"name":"wp","href":"https:\/\/api.w.org\/{rel}","templated":true}]}}